{"id":365,"date":"2024-05-19T21:31:18","date_gmt":"2024-05-19T21:31:18","guid":{"rendered":"https:\/\/lrc.4vlab.org\/?post_type=product&#038;p=365"},"modified":"2024-05-19T21:31:18","modified_gmt":"2024-05-19T21:31:18","slug":"aceite-de-albahaca-pack-de-seis-2","status":"publish","type":"product","link":"https:\/\/lrc.4vlab.org\/?product=aceite-de-albahaca-pack-de-seis-2","title":{"rendered":"Aceite de albahaca PACK DE SEIS"},"content":{"rendered":"<p>Descubre el exquisito Aceite de Albahaca, una deliciosa combinaci\u00f3n de aceite de oliva virgen extra y albahaca fresca. Este producto \u00fanico realza el sabor de tus comidas, aportando un toque fresco y natural que transformar\u00e1 tus platos en experiencias culinarias extraordinarias. Ideal para ensaladas, pastas, marinados y mucho m\u00e1s. Disfruta de la calidad y el sabor incomparable a un precio de 29,70\u20ac con IVA.<\/p>\n","protected":false},"excerpt":{"rendered":"<p>Aceite de oliva virgen extra con albahaca, perfecto para dar un toque fresco y natural a tus platos. Precio: 29,70\u20ac con IVA.<\/p>\n","protected":false},"featured_media":313,"comment_status":"open","ping_status":"closed","template":"","meta":{"site-sidebar-layout":"default","site-content-layout":"","ast-site-content-layout":"default","site-content-style":"default","site-sidebar-style":"default","ast-global-header-display":"","ast-banner-title-visibility":"","ast-main-header-display":"","ast-hfb-above-header-display":"","ast-hfb-below-header-display":"","ast-hfb-mobile-header-display":"","site-post-title":"","ast-breadcrumbs-content":"","ast-featured-img":"","footer-sml-layout":"","theme-transparent-header-meta":"default","adv-header-id-meta":"","stick-header-meta":"","header-above-stick-meta":"","header-main-stick-meta":"","header-below-stick-meta":"","astra-migrate-meta-layouts":"set","ast-page-background-enabled":"default","ast-page-background-meta":{"desktop":{"background-color":"var(--ast-global-color-4)","background-image":"","background-repeat":"repeat","background-position":"center center","background-size":"auto","background-attachment":"scroll","background-type":"","background-media":"","overlay-type":"","overlay-color":"","overlay-gradient":""},"tablet":{"background-color":"","background-image":"","background-repeat":"repeat","background-position":"center center","background-size":"auto","background-attachment":"scroll","background-type":"","background-media":"","overlay-type":"","overlay-color":"","overlay-gradient":""},"mobile":{"background-color":"","background-image":"","background-repeat":"repeat","background-position":"center center","background-size":"auto","background-attachment":"scroll","background-type":"","background-media":"","overlay-type":"","overlay-color":"","overlay-gradient":""}},"ast-content-background-meta":{"desktop":{"background-color":"var(--ast-global-color-5)","background-image":"","background-repeat":"repeat","background-position":"center center","background-size":"auto","background-attachment":"scroll","background-type":"","background-media":"","overlay-type":"","overlay-color":"","overlay-gradient":""},"tablet":{"background-color":"var(--ast-global-color-5)","background-image":"","background-repeat":"repeat","background-position":"center center","background-size":"auto","background-attachment":"scroll","background-type":"","background-media":"","overlay-type":"","overlay-color":"","overlay-gradient":""},"mobile":{"background-color":"var(--ast-global-color-5)","background-image":"","background-repeat":"repeat","background-position":"center center","background-size":"auto","background-attachment":"scroll","background-type":"","background-media":"","overlay-type":"","overlay-color":"","overlay-gradient":""}}},"product_cat":[46],"product_tag":[],"_links":{"self":[{"href":"https:\/\/lrc.4vlab.org\/index.php?rest_route=\/wp\/v2\/product\/365"}],"collection":[{"href":"https:\/\/lrc.4vlab.org\/index.php?rest_route=\/wp\/v2\/product"}],"about":[{"href":"https:\/\/lrc.4vlab.org\/index.php?rest_route=\/wp\/v2\/types\/product"}],"replies":[{"embeddable":true,"href":"https:\/\/lrc.4vlab.org\/index.php?rest_route=%2Fwp%2Fv2%2Fcomments&post=365"}],"wp:featuredmedia":[{"embeddable":true,"href":"https:\/\/lrc.4vlab.org\/index.php?rest_route=\/wp\/v2\/media\/313"}],"wp:attachment":[{"href":"https:\/\/lrc.4vlab.org\/index.php?rest_route=%2Fwp%2Fv2%2Fmedia&parent=365"}],"wp:term":[{"taxonomy":"product_cat","embeddable":true,"href":"https:\/\/lrc.4vlab.org\/index.php?rest_route=%2Fwp%2Fv2%2Fproduct_cat&post=365"},{"taxonomy":"product_tag","embeddable":true,"href":"https:\/\/lrc.4vlab.org\/index.php?rest_route=%2Fwp%2Fv2%2Fproduct_tag&post=365"}],"curies":[{"name":"wp","href":"https:\/\/api.w.org\/{rel}","templated":true}]}}