{"id":355,"date":"2024-05-19T21:19:26","date_gmt":"2024-05-19T21:19:26","guid":{"rendered":"https:\/\/lrc.4vlab.org\/?post_type=product&#038;p=355"},"modified":"2024-05-19T21:21:49","modified_gmt":"2024-05-19T21:21:49","slug":"huile-vierge-extra-250ml-pack-de-seis","status":"publish","type":"product","link":"https:\/\/lrc.4vlab.org\/?product=huile-vierge-extra-250ml-pack-de-seis&lang=fr","title":{"rendered":"Huile vierge extra 250ml PACK DE SIX"},"content":{"rendered":"<div class=\"flex-1 overflow-hidden\">\n<div class=\"react-scroll-to-bottom--css-cuaie-79elbk h-full\">\n<div class=\"react-scroll-to-bottom--css-cuaie-1n7m0yu\">\n<div class=\"flex flex-col text-sm pb-9\">\n<div class=\"w-full text-token-text-primary\" dir=\"auto\" data-testid=\"conversation-turn-5\" data-scroll-anchor=\"true\">\n<div class=\"py-2 px-3 text-base md:px-4 m-auto md:px-5 lg:px-1 xl:px-5\">\n<div class=\"mx-auto flex flex-1 gap-3 text-base juice:gap-4 juice:md:gap-6 md:max-w-3xl lg:max-w-[40rem] xl:max-w-[48rem]\">\n<div class=\"relative flex w-full min-w-0 flex-col agent-turn\">\n<div class=\"flex-col gap-1 md:gap-3\">\n<div class=\"flex flex-grow flex-col max-w-full\">\n<div class=\"min-h-[20px] text-message flex flex-col items-start whitespace-pre-wrap break-words [.text-message+&amp;]:mt-5 overflow-x-auto gap-3\" dir=\"auto\" data-message-author-role=\"assistant\" data-message-id=\"b4aeb59e-a8eb-4648-a26a-8e1b63638d17\">\n<div class=\"markdown prose w-full break-words dark:prose-invert dark\">\n<div class=\"flex flex-grow flex-col max-w-full\">\n<div class=\"min-h-[20px] text-message flex flex-col items-start whitespace-pre-wrap break-words [.text-message+&amp;]:mt-5 juice:w-full juice:items-end overflow-x-auto gap-2\" dir=\"auto\" data-message-author-role=\"assistant\" data-message-id=\"27db6dab-c03b-42fd-8db1-ea8f23783437\">\n<div class=\"flex w-full flex-col gap-1 juice:empty:hidden juice:first:pt-[3px]\">\n<div class=\"markdown prose w-full break-words dark:prose-invert dark\">\n<p>D\u00e9couvrez l&#8217;excellence de l&#8217;huile d&#8217;olive vierge extra dans cette \u00e9l\u00e9gante bouteille de 250 ml. Extraite des meilleures olives selon des proc\u00e9d\u00e9s traditionnels, cette huile offre un go\u00fbt et un ar\u00f4me incomparables qui rehausseront vos recettes \u00e0 un niveau sup\u00e9rieur. Parfaite pour les salades, les marinades et les plats gastronomiques, elle est un compl\u00e9ment essentiel dans toute cuisine qui appr\u00e9cie la qualit\u00e9 et la puret\u00e9. Prix : 34,20\u20ac avec VTA.<\/p>\n<\/div>\n<\/div>\n<\/div>\n<\/div>\n<\/div>\n<\/div>\n<\/div>\n<div class=\"mt-1 flex gap-3 empty:hidden juice:-ml-3\">\n<div class=\"-ml-1 mt-0 h-7 items-center justify-center gap-[2px] self-end text-gray-400 lg:justify-start lg:self-center visible flex\">\n<div class=\"flex\"><\/div>\n<\/div>\n<\/div>\n<div class=\"pr-2 lg:pr-0\"><\/div>\n<\/div>\n<div class=\"absolute\">\n<div class=\"flex w-full gap-2 items-center justify-center\"><\/div>\n<\/div>\n<\/div>\n<\/div>\n<\/div>\n<\/div>\n<\/div>\n<\/div>\n<\/div>\n<\/div>\n<div class=\"w-full md:pt-0 dark:border-white\/20 md:border-transparent md:dark:border-transparent md:w-[calc(100%-.5rem)] juice:w-full\">\n<div class=\"px-3 text-base md:px-4 m-auto md:px-5 lg:px-1 xl:px-5\">\n<div class=\"mx-auto flex flex-1 gap-3 text-base juice:gap-4 juice:md:gap-6 md:max-w-3xl lg:max-w-[40rem] xl:max-w-[48rem]\">\n<form class=\"w-full\">\n<div class=\"relative flex h-full max-w-full flex-1 flex-col\">\n<div class=\"absolute bottom-full left-0 right-0\"><\/div>\n<div class=\"flex w-full items-center\"><\/div>\n<\/div>\n<\/form>\n<\/div>\n<\/div>\n<\/div>\n","protected":false},"excerpt":{"rendered":"<div class=\"flex flex-grow flex-col max-w-full\">\n<div class=\"min-h-[20px] text-message flex flex-col items-start whitespace-pre-wrap break-words [.text-message+&amp;]:mt-5 juice:w-full juice:items-end overflow-x-auto gap-2\" dir=\"auto\" data-message-author-role=\"assistant\" data-message-id=\"27db6dab-c03b-42fd-8db1-ea8f23783437\">\n<div class=\"flex w-full flex-col gap-1 juice:empty:hidden juice:first:pt-[3px]\">\n<div class=\"markdown prose w-full break-words dark:prose-invert dark\">\n<p>Bouteille de 250 ml d&#8217;huile d&#8217;olive vierge extra, id\u00e9ale pour rehausser la saveur de vos plats. Prix : 34,20\u20ac avec VTA.<\/p>\n<\/div>\n<\/div>\n<\/div>\n<\/div>\n<div class=\"mt-1 flex gap-3 empty:hidden juice:-ml-3\">\n<div class=\"items-center justify-start rounded-xl p-1 flex\">\n<div class=\"flex items-center\">\n<div class=\"flex items-center pb-0.5 juice:pb-0\"><\/div>\n<\/div>\n<\/div>\n<\/div>\n","protected":false},"featured_media":318,"comment_status":"open","ping_status":"closed","template":"","meta":{"site-sidebar-layout":"default","site-content-layout":"","ast-site-content-layout":"default","site-content-style":"default","site-sidebar-style":"default","ast-global-header-display":"","ast-banner-title-visibility":"","ast-main-header-display":"","ast-hfb-above-header-display":"","ast-hfb-below-header-display":"","ast-hfb-mobile-header-display":"","site-post-title":"","ast-breadcrumbs-content":"","ast-featured-img":"","footer-sml-layout":"","theme-transparent-header-meta":"default","adv-header-id-meta":"","stick-header-meta":"","header-above-stick-meta":"","header-main-stick-meta":"","header-below-stick-meta":"","astra-migrate-meta-layouts":"set","ast-page-background-enabled":"default","ast-page-background-meta":{"desktop":{"background-color":"var(--ast-global-color-4)","background-image":"","background-repeat":"repeat","background-position":"center center","background-size":"auto","background-attachment":"scroll","background-type":"","background-media":"","overlay-type":"","overlay-color":"","overlay-gradient":""},"tablet":{"background-color":"","background-image":"","background-repeat":"repeat","background-position":"center center","background-size":"auto","background-attachment":"scroll","background-type":"","background-media":"","overlay-type":"","overlay-color":"","overlay-gradient":""},"mobile":{"background-color":"","background-image":"","background-repeat":"repeat","background-position":"center center","background-size":"auto","background-attachment":"scroll","background-type":"","background-media":"","overlay-type":"","overlay-color":"","overlay-gradient":""}},"ast-content-background-meta":{"desktop":{"background-color":"var(--ast-global-color-5)","background-image":"","background-repeat":"repeat","background-position":"center center","background-size":"auto","background-attachment":"scroll","background-type":"","background-media":"","overlay-type":"","overlay-color":"","overlay-gradient":""},"tablet":{"background-color":"var(--ast-global-color-5)","background-image":"","background-repeat":"repeat","background-position":"center center","background-size":"auto","background-attachment":"scroll","background-type":"","background-media":"","overlay-type":"","overlay-color":"","overlay-gradient":""},"mobile":{"background-color":"var(--ast-global-color-5)","background-image":"","background-repeat":"repeat","background-position":"center center","background-size":"auto","background-attachment":"scroll","background-type":"","background-media":"","overlay-type":"","overlay-color":"","overlay-gradient":""}}},"product_cat":[43],"product_tag":[],"_links":{"self":[{"href":"https:\/\/lrc.4vlab.org\/index.php?rest_route=\/wp\/v2\/product\/355"}],"collection":[{"href":"https:\/\/lrc.4vlab.org\/index.php?rest_route=\/wp\/v2\/product"}],"about":[{"href":"https:\/\/lrc.4vlab.org\/index.php?rest_route=\/wp\/v2\/types\/product"}],"replies":[{"embeddable":true,"href":"https:\/\/lrc.4vlab.org\/index.php?rest_route=%2Fwp%2Fv2%2Fcomments&post=355"}],"wp:featuredmedia":[{"embeddable":true,"href":"https:\/\/lrc.4vlab.org\/index.php?rest_route=\/wp\/v2\/media\/318"}],"wp:attachment":[{"href":"https:\/\/lrc.4vlab.org\/index.php?rest_route=%2Fwp%2Fv2%2Fmedia&parent=355"}],"wp:term":[{"taxonomy":"product_cat","embeddable":true,"href":"https:\/\/lrc.4vlab.org\/index.php?rest_route=%2Fwp%2Fv2%2Fproduct_cat&post=355"},{"taxonomy":"product_tag","embeddable":true,"href":"https:\/\/lrc.4vlab.org\/index.php?rest_route=%2Fwp%2Fv2%2Fproduct_tag&post=355"}],"curies":[{"name":"wp","href":"https:\/\/api.w.org\/{rel}","templated":true}]}}