{"id":353,"date":"2024-05-19T21:16:28","date_gmt":"2024-05-19T21:16:28","guid":{"rendered":"https:\/\/lrc.4vlab.org\/?post_type=product&#038;p=353"},"modified":"2024-05-19T21:16:28","modified_gmt":"2024-05-19T21:16:28","slug":"huile-de-truffe-noire-pack-de-six","status":"publish","type":"product","link":"https:\/\/lrc.4vlab.org\/?product=huile-de-truffe-noire-pack-de-six&lang=fr","title":{"rendered":"Huile de truffe noire PACK DE SIX"},"content":{"rendered":"<p>D\u00e9couvrez l&#8217;exquise huile de truffe noire, \u00e9labor\u00e9e avec les meilleurs ingr\u00e9dients pour vous offrir une exp\u00e9rience culinaire unique. Cette huile pr\u00e9sente de d\u00e9licates nuances de truffe qui lui conf\u00e8rent un ar\u00f4me incomparable, accompagn\u00e9 d&#8217;une saveur douce et beurr\u00e9e qui transformera vos recettes en v\u00e9ritables chefs-d&#8217;\u0153uvre. Id\u00e9ale pour assaisonner les salades, les p\u00e2tes, les viandes et bien plus encore, cette huile \u00e9l\u00e8vera vos plats \u00e0 un autre niveau. Disponible au prix de 29,70 \u20ac TTC, c&#8217;est un compl\u00e9ment indispensable \u00e0 la cuisine de tout amateur de cuisine.<\/p>\n","protected":false},"excerpt":{"rendered":"<p>Profitez de l&#8217;huile de truffe noire aux nuances de truffe, au go\u00fbt doux et cr\u00e9meux. Parfait pour rehausser vos plats pr\u00e9f\u00e9r\u00e9s. Prix : 29,70\u20ac TTC.<\/p>\n","protected":false},"featured_media":313,"comment_status":"open","ping_status":"closed","template":"","meta":{"site-sidebar-layout":"default","site-content-layout":"","ast-site-content-layout":"default","site-content-style":"default","site-sidebar-style":"default","ast-global-header-display":"","ast-banner-title-visibility":"","ast-main-header-display":"","ast-hfb-above-header-display":"","ast-hfb-below-header-display":"","ast-hfb-mobile-header-display":"","site-post-title":"","ast-breadcrumbs-content":"","ast-featured-img":"","footer-sml-layout":"","theme-transparent-header-meta":"default","adv-header-id-meta":"","stick-header-meta":"","header-above-stick-meta":"","header-main-stick-meta":"","header-below-stick-meta":"","astra-migrate-meta-layouts":"set","ast-page-background-enabled":"default","ast-page-background-meta":{"desktop":{"background-color":"var(--ast-global-color-4)","background-image":"","background-repeat":"repeat","background-position":"center center","background-size":"auto","background-attachment":"scroll","background-type":"","background-media":"","overlay-type":"","overlay-color":"","overlay-gradient":""},"tablet":{"background-color":"","background-image":"","background-repeat":"repeat","background-position":"center center","background-size":"auto","background-attachment":"scroll","background-type":"","background-media":"","overlay-type":"","overlay-color":"","overlay-gradient":""},"mobile":{"background-color":"","background-image":"","background-repeat":"repeat","background-position":"center center","background-size":"auto","background-attachment":"scroll","background-type":"","background-media":"","overlay-type":"","overlay-color":"","overlay-gradient":""}},"ast-content-background-meta":{"desktop":{"background-color":"var(--ast-global-color-5)","background-image":"","background-repeat":"repeat","background-position":"center center","background-size":"auto","background-attachment":"scroll","background-type":"","background-media":"","overlay-type":"","overlay-color":"","overlay-gradient":""},"tablet":{"background-color":"var(--ast-global-color-5)","background-image":"","background-repeat":"repeat","background-position":"center center","background-size":"auto","background-attachment":"scroll","background-type":"","background-media":"","overlay-type":"","overlay-color":"","overlay-gradient":""},"mobile":{"background-color":"var(--ast-global-color-5)","background-image":"","background-repeat":"repeat","background-position":"center center","background-size":"auto","background-attachment":"scroll","background-type":"","background-media":"","overlay-type":"","overlay-color":"","overlay-gradient":""}}},"product_cat":[43],"product_tag":[],"_links":{"self":[{"href":"https:\/\/lrc.4vlab.org\/index.php?rest_route=\/wp\/v2\/product\/353"}],"collection":[{"href":"https:\/\/lrc.4vlab.org\/index.php?rest_route=\/wp\/v2\/product"}],"about":[{"href":"https:\/\/lrc.4vlab.org\/index.php?rest_route=\/wp\/v2\/types\/product"}],"replies":[{"embeddable":true,"href":"https:\/\/lrc.4vlab.org\/index.php?rest_route=%2Fwp%2Fv2%2Fcomments&post=353"}],"wp:featuredmedia":[{"embeddable":true,"href":"https:\/\/lrc.4vlab.org\/index.php?rest_route=\/wp\/v2\/media\/313"}],"wp:attachment":[{"href":"https:\/\/lrc.4vlab.org\/index.php?rest_route=%2Fwp%2Fv2%2Fmedia&parent=353"}],"wp:term":[{"taxonomy":"product_cat","embeddable":true,"href":"https:\/\/lrc.4vlab.org\/index.php?rest_route=%2Fwp%2Fv2%2Fproduct_cat&post=353"},{"taxonomy":"product_tag","embeddable":true,"href":"https:\/\/lrc.4vlab.org\/index.php?rest_route=%2Fwp%2Fv2%2Fproduct_tag&post=353"}],"curies":[{"name":"wp","href":"https:\/\/api.w.org\/{rel}","templated":true}]}}