{"id":231,"date":"2024-04-29T21:10:14","date_gmt":"2024-04-29T21:10:14","guid":{"rendered":"https:\/\/lrc.4vlab.org\/?page_id=231"},"modified":"2024-04-29T21:25:34","modified_gmt":"2024-04-29T21:25:34","slug":"sur-nous","status":"publish","type":"page","link":"https:\/\/lrc.4vlab.org\/?page_id=231&lang=fr","title":{"rendered":"SUR NOUS"},"content":{"rendered":"\t\t<div data-elementor-type=\"wp-page\" data-elementor-id=\"231\" class=\"elementor elementor-231\">\n\t\t\t\t\t\t<section class=\"elementor-section elementor-top-section elementor-element elementor-element-37483cb4 elementor-section-height-min-height elementor-section-boxed elementor-section-height-default elementor-section-items-middle\" data-id=\"37483cb4\" data-element_type=\"section\" data-settings=\"{&quot;background_background&quot;:&quot;classic&quot;}\">\n\t\t\t\t\t\t\t<div class=\"elementor-background-overlay\"><\/div>\n\t\t\t\t\t\t\t<div class=\"elementor-container elementor-column-gap-default\">\n\t\t\t\t\t<div class=\"elementor-column elementor-col-100 elementor-top-column elementor-element elementor-element-698538f\" data-id=\"698538f\" data-element_type=\"column\">\n\t\t\t<div class=\"elementor-widget-wrap elementor-element-populated\">\n\t\t\t\t\t\t<div class=\"elementor-element elementor-element-133af1d2 elementor-widget elementor-widget-heading\" data-id=\"133af1d2\" data-element_type=\"widget\" data-widget_type=\"heading.default\">\n\t\t\t\t<div class=\"elementor-widget-container\">\n\t\t\t<style>\/*! elementor - v3.20.0 - 10-04-2024 *\/\n.elementor-heading-title{padding:0;margin:0;line-height:1}.elementor-widget-heading .elementor-heading-title[class*=elementor-size-]>a{color:inherit;font-size:inherit;line-height:inherit}.elementor-widget-heading .elementor-heading-title.elementor-size-small{font-size:15px}.elementor-widget-heading .elementor-heading-title.elementor-size-medium{font-size:19px}.elementor-widget-heading .elementor-heading-title.elementor-size-large{font-size:29px}.elementor-widget-heading .elementor-heading-title.elementor-size-xl{font-size:39px}.elementor-widget-heading .elementor-heading-title.elementor-size-xxl{font-size:59px}<\/style><h1 class=\"elementor-heading-title elementor-size-default\">SUR NOUS<\/h1>\t\t<\/div>\n\t\t\t\t<\/div>\n\t\t\t\t\t<\/div>\n\t\t<\/div>\n\t\t\t\t\t<\/div>\n\t\t<\/section>\n\t\t\t\t<section class=\"elementor-section elementor-top-section elementor-element elementor-element-67ebe7dc elementor-section-boxed elementor-section-height-default elementor-section-height-default\" data-id=\"67ebe7dc\" data-element_type=\"section\" data-settings=\"{&quot;background_background&quot;:&quot;classic&quot;}\">\n\t\t\t\t\t\t<div class=\"elementor-container elementor-column-gap-default\">\n\t\t\t\t\t<div class=\"elementor-column elementor-col-100 elementor-top-column elementor-element elementor-element-490365a9\" data-id=\"490365a9\" data-element_type=\"column\">\n\t\t\t<div class=\"elementor-widget-wrap elementor-element-populated\">\n\t\t\t\t\t\t<div class=\"elementor-element elementor-element-5561276 elementor-widget elementor-widget-heading\" data-id=\"5561276\" data-element_type=\"widget\" data-widget_type=\"heading.default\">\n\t\t\t\t<div class=\"elementor-widget-container\">\n\t\t\t<h2 class=\"elementor-heading-title elementor-size-default\"><font color=\"#42291a\" face=\"YAFO9PKnZ5M 0, _fb_, auto\"><span style=\"font-style: normal; font-weight: 400; letter-spacing: 3.488px; text-transform: uppercase;\">\u00ab VOUS POUVEZ FAIRE DU SPORT, VOUS POUVEZ \u00caTRE JEUNE, MAIS SI VOUS NE MANGEZ PAS CORRECTEMENT, VOTRE CORPS EN SOUFFRIRA T\u00d4T OU TARD \u00bb.\n<\/span><\/font><p class=\"cvGsUA direction-ltr align-center para-style-body\" style=\"color: rgb(66, 41, 26); font-family: &quot;YAFO9PKnZ5M 0&quot;, _fb_, auto; --fontSize: 36px; --lineHeight: 1.4; letter-spacing: 0.109em; text-transform: uppercase; line-height: 50px;\"><span style=\"color: rgb(51, 51, 51); font-family: &quot;Playfair Display&quot;, sans-serif; font-size: 2rem; font-weight: var( --e-global-typography-primary-font-weight ); letter-spacing: 0px;\"><\/span><br><\/p><\/h2>\t\t<\/div>\n\t\t\t\t<\/div>\n\t\t\t\t<div class=\"elementor-element elementor-element-66e89be7 elementor-widget elementor-widget-heading\" data-id=\"66e89be7\" data-element_type=\"widget\" data-widget_type=\"heading.default\">\n\t\t\t\t<div class=\"elementor-widget-container\">\n\t\t\t<h6 class=\"elementor-heading-title elementor-size-default\">Juan Armando Corbin<\/h6>\t\t<\/div>\n\t\t\t\t<\/div>\n\t\t\t\t\t<\/div>\n\t\t<\/div>\n\t\t\t\t\t<\/div>\n\t\t<\/section>\n\t\t\t\t<section class=\"elementor-section elementor-top-section elementor-element elementor-element-17f9451e elementor-section-content-middle elementor-section-boxed elementor-section-height-default elementor-section-height-default\" data-id=\"17f9451e\" data-element_type=\"section\" data-settings=\"{&quot;background_background&quot;:&quot;classic&quot;}\">\n\t\t\t\t\t\t<div class=\"elementor-container elementor-column-gap-default\">\n\t\t\t\t\t<div class=\"elementor-column elementor-col-33 elementor-top-column elementor-element elementor-element-5eb51d0a elementor-invisible\" data-id=\"5eb51d0a\" data-element_type=\"column\" data-settings=\"{&quot;background_background&quot;:&quot;classic&quot;,&quot;animation&quot;:&quot;fadeInLeft&quot;}\">\n\t\t\t<div class=\"elementor-widget-wrap\">\n\t\t\t\t\t\t\t<\/div>\n\t\t<\/div>\n\t\t\t\t<div class=\"elementor-column elementor-col-33 elementor-top-column elementor-element elementor-element-9d9c364 elementor-invisible\" data-id=\"9d9c364\" data-element_type=\"column\" data-settings=\"{&quot;background_background&quot;:&quot;classic&quot;,&quot;animation&quot;:&quot;fadeInLeft&quot;}\">\n\t\t\t<div class=\"elementor-widget-wrap elementor-element-populated\">\n\t\t\t\t\t\t<div class=\"elementor-element elementor-element-200cd2ce elementor-widget elementor-widget-text-editor\" data-id=\"200cd2ce\" data-element_type=\"widget\" data-widget_type=\"text-editor.default\">\n\t\t\t\t<div class=\"elementor-widget-container\">\n\t\t\t<style>\/*! elementor - v3.20.0 - 10-04-2024 *\/\n.elementor-widget-text-editor.elementor-drop-cap-view-stacked .elementor-drop-cap{background-color:#69727d;color:#fff}.elementor-widget-text-editor.elementor-drop-cap-view-framed .elementor-drop-cap{color:#69727d;border:3px solid;background-color:transparent}.elementor-widget-text-editor:not(.elementor-drop-cap-view-default) .elementor-drop-cap{margin-top:8px}.elementor-widget-text-editor:not(.elementor-drop-cap-view-default) .elementor-drop-cap-letter{width:1em;height:1em}.elementor-widget-text-editor .elementor-drop-cap{float:left;text-align:center;line-height:1;font-size:50px}.elementor-widget-text-editor .elementor-drop-cap-letter{display:inline-block}<\/style>\t\t\t\t<p style=\"--fontsize: 26.6825px; --lineheight: 1; line-height: 26px;\"><font color=\"#42291a\" face=\"YAD1aU3sLnI 0, _fb_, auto\"><b>L&#8217;histoire :<\/b><\/font><\/p><p style=\"--fontsize: 26.6825px; --lineheight: 1; line-height: 26px; font-family: &quot;YAD1aU3sLnI 0&quot;, _fb_, auto; color: rgb(66, 41, 26);\"><br><\/p>\n<p style=\"--fontsize: 26.6825px; --lineheight: 1; line-height: 26px;\"><font color=\"#42291a\" face=\"YAD1aU3sLnI 0, _fb_, auto\">Notre soci\u00e9t\u00e9 p\u00e9troli\u00e8re est n\u00e9e en 2024 avec la vision de r\u00e9volutionner le march\u00e9 en commercialisant des huiles de haute qualit\u00e9, en utilisant des m\u00e9thodes innovantes et durables pour promouvoir un mode de vie sain.<\/font><\/p>\n<p style=\"--fontsize: 26.6825px; --lineheight: 1; line-height: 26px;\"><font color=\"#42291a\" face=\"YAD1aU3sLnI 0, _fb_, auto\"><span style=\"font-size: 23.04px;\"><b>Trajectoire :<\/b><\/span><\/font><\/p>\n<p style=\"color: #42291a; font-family: 'YAD1aU3sLnI 0', _fb_, auto; --fontsize: 26.6825px; --lineheight: 1; line-height: 26px;\"><br><\/p>\n<p style=\"--fontsize: 26.6825px; --lineheight: 1; line-height: 26px;\"><font color=\"#42291a\" face=\"YAD1aU3sLnI 0, _fb_, auto\">En peu de temps, nous nous sommes distingu\u00e9s dans le secteur, gr\u00e2ce \u00e0 notre volont\u00e9 d&#8217;excellence. Nous nous concentrons sur l&#8217;expansion de notre pr\u00e9sence sur le march\u00e9 national et international. Notre croissance soutenue t\u00e9moigne de notre engagement en faveur de la qualit\u00e9 et de l&#8217;int\u00e9grit\u00e9 dans tout ce que nous faisons.<\/font><\/p>\n<div><br><\/div>\t\t\t\t\t\t<\/div>\n\t\t\t\t<\/div>\n\t\t\t\t\t<\/div>\n\t\t<\/div>\n\t\t\t\t<div class=\"elementor-column elementor-col-33 elementor-top-column elementor-element elementor-element-2f6a774a\" data-id=\"2f6a774a\" data-element_type=\"column\">\n\t\t\t<div class=\"elementor-widget-wrap\">\n\t\t\t\t\t\t\t<\/div>\n\t\t<\/div>\n\t\t\t\t\t<\/div>\n\t\t<\/section>\n\t\t\t\t<section class=\"elementor-section elementor-top-section elementor-element elementor-element-20a0db54 elementor-section-content-middle elementor-section-full_width elementor-section-height-default elementor-section-height-default\" data-id=\"20a0db54\" data-element_type=\"section\" data-settings=\"{&quot;background_background&quot;:&quot;classic&quot;}\">\n\t\t\t\t\t\t<div class=\"elementor-container elementor-column-gap-default\">\n\t\t\t\t\t<div class=\"elementor-column elementor-col-50 elementor-top-column elementor-element elementor-element-7cbc754f\" data-id=\"7cbc754f\" data-element_type=\"column\">\n\t\t\t<div class=\"elementor-widget-wrap elementor-element-populated\">\n\t\t\t\t\t\t<div class=\"elementor-element elementor-element-75ed3796 elementor-widget elementor-widget-image\" data-id=\"75ed3796\" data-element_type=\"widget\" data-widget_type=\"image.default\">\n\t\t\t\t<div class=\"elementor-widget-container\">\n\t\t\t<style>\/*! elementor - v3.20.0 - 10-04-2024 *\/\n.elementor-widget-image{text-align:center}.elementor-widget-image a{display:inline-block}.elementor-widget-image a img[src$=\".svg\"]{width:48px}.elementor-widget-image img{vertical-align:middle;display:inline-block}<\/style>\t\t\t\t\t\t\t\t\t\t<img fetchpriority=\"high\" decoding=\"async\" width=\"880\" height=\"587\" src=\"https:\/\/lrc.4vlab.org\/wp-content\/uploads\/2024\/04\/webpc-passthru.webp\" class=\"attachment-full size-full wp-image-81\" alt=\"\" srcset=\"https:\/\/lrc.4vlab.org\/wp-content\/uploads\/2024\/04\/webpc-passthru.webp 880w, https:\/\/lrc.4vlab.org\/wp-content\/uploads\/2024\/04\/webpc-passthru-600x400.webp 600w, https:\/\/lrc.4vlab.org\/wp-content\/uploads\/2024\/04\/webpc-passthru-300x200.webp 300w, https:\/\/lrc.4vlab.org\/wp-content\/uploads\/2024\/04\/webpc-passthru-768x512.webp 768w\" sizes=\"(max-width: 880px) 100vw, 880px\" \/>\t\t\t\t\t\t\t\t\t\t\t\t\t<\/div>\n\t\t\t\t<\/div>\n\t\t\t\t\t<\/div>\n\t\t<\/div>\n\t\t\t\t<div class=\"elementor-column elementor-col-50 elementor-top-column elementor-element elementor-element-29c70d5a elementor-invisible\" data-id=\"29c70d5a\" data-element_type=\"column\" data-settings=\"{&quot;background_background&quot;:&quot;classic&quot;,&quot;animation&quot;:&quot;fadeInRight&quot;}\">\n\t\t\t<div class=\"elementor-widget-wrap elementor-element-populated\">\n\t\t\t\t\t\t<div class=\"elementor-element elementor-element-b4044a1 elementor-widget elementor-widget-text-editor\" data-id=\"b4044a1\" data-element_type=\"widget\" data-widget_type=\"text-editor.default\">\n\t\t\t\t<div class=\"elementor-widget-container\">\n\t\t\t\t\t\t\t<p style=\"--fontsize: 26.6825px; --lineheight: 1; line-height: 26px;\"><span style=\"color: #42291a; font-family: YAD1aU3sLnI 0, _fb_, auto;\"><b>La mission :<\/b><\/span><\/p><p style=\"--fontsize: 26.6825px; --lineheight: 1; line-height: 26px;\"><span style=\"color: #42291a; font-family: YAD1aU3sLnI 0, _fb_, auto;\"><span style=\"font-size: 23.04px;\">Commercialiser une huile d&#8217;olive de haute qualit\u00e9 et gastronomique, dans le respect de l&#8217;environnement et des traditions de l&#8217;oliveraie.<\/span><\/span><\/p><p style=\"--fontsize: 26.6825px; --lineheight: 1; line-height: 26px;\"><span style=\"color: #42291a; font-family: YAD1aU3sLnI 0, _fb_, auto;\"><span style=\"font-size: 23.04px;\"><b>Vision :<\/b><\/span><\/span><\/p><p style=\"--fontsize: 26.6825px; --lineheight: 1; line-height: 26px;\"><span style=\"color: #42291a; font-family: YAD1aU3sLnI 0, _fb_, auto;\"><span style=\"font-size: 23.04px;\">\u00catre une entreprise leader et de r\u00e9f\u00e9rence dans le secteur de l&#8217;huile d&#8217;olive, reconnue pour l&#8217;excellence de ses produits et contribuant au d\u00e9veloppement rural.<\/span><\/span><\/p><p style=\"--fontsize: 26.6825px; --lineheight: 1; line-height: 26px;\"><span style=\"color: #42291a; font-family: YAD1aU3sLnI 0, _fb_, auto;\"><span style=\"font-size: 23.04px;\"><b>Valeurs :<\/b><\/span><\/span><\/p><p style=\"--fontsize: 26.6825px; --lineheight: 1; line-height: 26px;\"><span style=\"color: #42291a; font-family: YAD1aU3sLnI 0, _fb_, auto;\"><span style=\"font-size: 23.04px;\">Nos valeurs sont la qualit\u00e9, la durabilit\u00e9, l&#8217;innovation, le coop\u00e9rativisme et l&#8217;engagement social.<\/span><\/span><\/p><p style=\"--fontsize: 26.6825px; --lineheight: 1; line-height: 26px;\"><span style=\"color: #42291a; font-family: YAD1aU3sLnI 0, _fb_, auto;\"><span style=\"font-size: 23.04px;\"><b>Responsabilit\u00e9 sociale des entreprises :<\/b><\/span><\/span><\/p><p style=\"color: #42291a; font-family: 'YAD1aU3sLnI 0', _fb_, auto; --fontsize: 26.6825px; --lineheight: 1; line-height: 26px;\">\u00a0<\/p><p style=\"--fontsize: 26.6825px; --lineheight: 1; line-height: 26px;\"><span style=\"color: #42291a; font-family: YAD1aU3sLnI 0, _fb_, auto;\">Nous nous engageons \u00e0 agir de mani\u00e8re \u00e9thique et responsable, par le biais de politiques de recyclage, d&#8217;\u00e9galit\u00e9 et d&#8217;approvisionnement responsable.<\/span><\/p><div>\u00a0<\/div>\t\t\t\t\t\t<\/div>\n\t\t\t\t<\/div>\n\t\t\t\t\t<\/div>\n\t\t<\/div>\n\t\t\t\t\t<\/div>\n\t\t<\/section>\n\t\t\t\t<section class=\"elementor-section elementor-top-section elementor-element elementor-element-7530a756 elementor-section-content-middle elementor-section-full_width elementor-section-height-default elementor-section-height-default\" data-id=\"7530a756\" data-element_type=\"section\" data-settings=\"{&quot;background_background&quot;:&quot;classic&quot;}\">\n\t\t\t\t\t\t<div class=\"elementor-container elementor-column-gap-default\">\n\t\t\t\t\t<div class=\"elementor-column elementor-col-50 elementor-top-column elementor-element elementor-element-68961173\" data-id=\"68961173\" data-element_type=\"column\">\n\t\t\t<div class=\"elementor-widget-wrap elementor-element-populated\">\n\t\t\t\t\t\t<div class=\"elementor-element elementor-element-7029f82 elementor-widget elementor-widget-text-editor\" data-id=\"7029f82\" data-element_type=\"widget\" data-widget_type=\"text-editor.default\">\n\t\t\t\t<div class=\"elementor-widget-container\">\n\t\t\t\t\t\t\t<p style=\"--fontsize: 26.6825px; --lineheight: 1; line-height: 26px;\"><span style=\"color: #42291a; font-family: YAD1aU3sLnI 0, _fb_, auto;\"><b>Notre \u00e9quipe :<\/b><\/span><\/p><p style=\"color: #42291a; font-family: 'YAD1aU3sLnI 0', _fb_, auto; --fontsize: 26.6825px; --lineheight: 1; line-height: 26px;\"><span style=\"color: #0c0c0c; font-family: var( --e-global-typography-text-font-family ), Sans-serif; font-size: 1.2em; font-weight: var( --e-global-typography-text-font-weight );\">Notre \u00e9quipe de professionnels hautement qualifi\u00e9s, passionn\u00e9s par l&#8217;industrie de l&#8217;huile, travaille ensemble pour fournir des produits qui r\u00e9pondent aux normes les plus \u00e9lev\u00e9es. Gr\u00e2ce \u00e0 une technologie de pointe et \u00e0 un souci constant d&#8217;innovation, nous nous effor\u00e7ons de rester \u00e0 la pointe du secteur, en garantissant une fra\u00eecheur, une puret\u00e9 et une saveur maximales dans chaque goutte de nos huiles.<\/span><\/p><div><div>\u00a0<\/div><\/div>\t\t\t\t\t\t<\/div>\n\t\t\t\t<\/div>\n\t\t\t\t\t<\/div>\n\t\t<\/div>\n\t\t\t\t<div class=\"elementor-column elementor-col-50 elementor-top-column elementor-element elementor-element-7b075042 elementor-invisible\" data-id=\"7b075042\" data-element_type=\"column\" data-settings=\"{&quot;background_background&quot;:&quot;classic&quot;,&quot;animation&quot;:&quot;fadeInRight&quot;}\">\n\t\t\t<div class=\"elementor-widget-wrap elementor-element-populated\">\n\t\t\t\t\t\t<div class=\"elementor-element elementor-element-337b8a5 elementor-widget elementor-widget-image\" data-id=\"337b8a5\" data-element_type=\"widget\" data-widget_type=\"image.default\">\n\t\t\t\t<div class=\"elementor-widget-container\">\n\t\t\t\t\t\t\t\t\t\t\t\t\t<img decoding=\"async\" width=\"1600\" height=\"1200\" src=\"https:\/\/lrc.4vlab.org\/wp-content\/uploads\/2024\/04\/IMG-20240411-WA0023-1.jpg\" class=\"attachment-full size-full wp-image-90\" alt=\"\" srcset=\"https:\/\/lrc.4vlab.org\/wp-content\/uploads\/2024\/04\/IMG-20240411-WA0023-1.jpg 1600w, https:\/\/lrc.4vlab.org\/wp-content\/uploads\/2024\/04\/IMG-20240411-WA0023-1-600x450.jpg 600w, https:\/\/lrc.4vlab.org\/wp-content\/uploads\/2024\/04\/IMG-20240411-WA0023-1-300x225.jpg 300w, https:\/\/lrc.4vlab.org\/wp-content\/uploads\/2024\/04\/IMG-20240411-WA0023-1-1024x768.jpg 1024w, https:\/\/lrc.4vlab.org\/wp-content\/uploads\/2024\/04\/IMG-20240411-WA0023-1-768x576.jpg 768w, https:\/\/lrc.4vlab.org\/wp-content\/uploads\/2024\/04\/IMG-20240411-WA0023-1-1536x1152.jpg 1536w\" sizes=\"(max-width: 1600px) 100vw, 1600px\" \/>\t\t\t\t\t\t\t\t\t\t\t\t\t<\/div>\n\t\t\t\t<\/div>\n\t\t\t\t\t<\/div>\n\t\t<\/div>\n\t\t\t\t\t<\/div>\n\t\t<\/section>\n\t\t\t\t<section class=\"elementor-section elementor-top-section elementor-element elementor-element-6ab2970d elementor-section-content-middle elementor-section-full_width elementor-section-height-default elementor-section-height-default\" data-id=\"6ab2970d\" data-element_type=\"section\" data-settings=\"{&quot;background_background&quot;:&quot;classic&quot;}\">\n\t\t\t\t\t\t<div class=\"elementor-container elementor-column-gap-default\">\n\t\t\t\t\t<div class=\"elementor-column elementor-col-50 elementor-top-column elementor-element elementor-element-58411726\" data-id=\"58411726\" data-element_type=\"column\">\n\t\t\t<div class=\"elementor-widget-wrap elementor-element-populated\">\n\t\t\t\t\t\t<div class=\"elementor-element elementor-element-619fc73c elementor-widget elementor-widget-image\" data-id=\"619fc73c\" data-element_type=\"widget\" data-widget_type=\"image.default\">\n\t\t\t\t<div class=\"elementor-widget-container\">\n\t\t\t\t\t\t\t\t\t\t\t\t\t<img decoding=\"async\" width=\"300\" height=\"168\" src=\"https:\/\/lrc.4vlab.org\/wp-content\/uploads\/2024\/04\/descarga-1.jpeg\" class=\"attachment-full size-full wp-image-120\" alt=\"\" \/>\t\t\t\t\t\t\t\t\t\t\t\t\t<\/div>\n\t\t\t\t<\/div>\n\t\t\t\t\t<\/div>\n\t\t<\/div>\n\t\t\t\t<div class=\"elementor-column elementor-col-50 elementor-top-column elementor-element elementor-element-2214c1d3 elementor-invisible\" data-id=\"2214c1d3\" data-element_type=\"column\" data-settings=\"{&quot;background_background&quot;:&quot;classic&quot;,&quot;animation&quot;:&quot;fadeInRight&quot;}\">\n\t\t\t<div class=\"elementor-widget-wrap elementor-element-populated\">\n\t\t\t\t\t\t<div class=\"elementor-element elementor-element-31c5e202 elementor-widget elementor-widget-text-editor\" data-id=\"31c5e202\" data-element_type=\"widget\" data-widget_type=\"text-editor.default\">\n\t\t\t\t<div class=\"elementor-widget-container\">\n\t\t\t\t\t\t\t<p class=\"cvGsUA direction-ltr align-center para-style-body\" style=\"--fontsize: 26.6825px; --lineheight: 1; line-height: 26px;\"><font color=\"#42291a\" face=\"YAD1aU3sLnI 0, _fb_, auto\"><b>Nos labels de qualit\u00e9 et le reyno gourmet :<\/b><\/font><\/p>\n<p class=\"cvGsUA direction-ltr align-center para-style-body\" style=\"--fontsize: 26.6825px; --lineheight: 1; line-height: 26px;\"><font color=\"#42291a\" face=\"YAD1aU3sLnI 0, _fb_, auto\"><span style=\"font-size: 23.04px;\">Dans notre soci\u00e9t\u00e9 d&#8217;huile, nous sommes fiers de notre profond attachement au Reyno Gourmet et aux labels de qualit\u00e9 les plus exigeants. Chaque goutte de notre huile est le r\u00e9sultat d&#8217;un processus qui respecte la tradition et l&#8217;excellence \u00e0 chaque \u00e9tape.<\/span><\/font><\/p><p class=\"cvGsUA direction-ltr align-center para-style-body\" style=\"--fontsize: 26.6825px; --lineheight: 1; line-height: 26px;\"><font color=\"#42291a\" face=\"YAD1aU3sLnI 0, _fb_, auto\"><span style=\"font-size: 23.04px;\"><br><\/span><\/font><\/p><p class=\"cvGsUA direction-ltr align-center para-style-body\" style=\"--fontsize: 26.6825px; --lineheight: 1; line-height: 26px;\"><font color=\"#42291a\" face=\"YAD1aU3sLnI 0, _fb_, auto\"><span style=\"font-size: 23.04px;\">Nous nous engageons \u00e0 n&#8217;offrir \u00e0 nos clients que ce qu&#8217;il y a de mieux, en veillant \u00e0 ce que chaque bouteille t\u00e9moigne de la qualit\u00e9 supr\u00eame et de la saveur sublime qui caract\u00e9risent nos huiles. Nos labels de qualit\u00e9 sont le reflet de notre engagement en faveur de l&#8217;artisanat et de notre passion pour l&#8217;exceptionnel.<\/span><\/font><\/p>\t\t\t\t\t\t<\/div>\n\t\t\t\t<\/div>\n\t\t<div class=\"elementor-element elementor-element-028dcc1 e-flex e-con-boxed e-con e-parent\" data-id=\"028dcc1\" data-element_type=\"container\" data-core-v316-plus=\"true\">\n\t\t\t\t\t<div class=\"e-con-inner\">\n\t\t\t\t<div class=\"elementor-element elementor-element-1d02667 elementor-widget elementor-widget-image\" data-id=\"1d02667\" data-element_type=\"widget\" data-widget_type=\"image.default\">\n\t\t\t\t<div class=\"elementor-widget-container\">\n\t\t\t\t\t\t\t\t\t\t\t\t\t<img loading=\"lazy\" decoding=\"async\" width=\"1024\" height=\"151\" src=\"https:\/\/lrc.4vlab.org\/wp-content\/uploads\/2024\/04\/Captura-de-pantalla-2024-04-29-203219-1024x151.png\" class=\"attachment-large size-large wp-image-141\" alt=\"\" srcset=\"https:\/\/lrc.4vlab.org\/wp-content\/uploads\/2024\/04\/Captura-de-pantalla-2024-04-29-203219-1024x151.png 1024w, https:\/\/lrc.4vlab.org\/wp-content\/uploads\/2024\/04\/Captura-de-pantalla-2024-04-29-203219-600x89.png 600w, https:\/\/lrc.4vlab.org\/wp-content\/uploads\/2024\/04\/Captura-de-pantalla-2024-04-29-203219-300x44.png 300w, https:\/\/lrc.4vlab.org\/wp-content\/uploads\/2024\/04\/Captura-de-pantalla-2024-04-29-203219-768x114.png 768w, https:\/\/lrc.4vlab.org\/wp-content\/uploads\/2024\/04\/Captura-de-pantalla-2024-04-29-203219.png 1048w\" sizes=\"(max-width: 1024px) 100vw, 1024px\" \/>\t\t\t\t\t\t\t\t\t\t\t\t\t<\/div>\n\t\t\t\t<\/div>\n\t\t\t\t\t<\/div>\n\t\t\t\t<\/div>\n\t\t\t\t\t<\/div>\n\t\t<\/div>\n\t\t\t\t\t<\/div>\n\t\t<\/section>\n\t\t\t\t<\/div>\n\t\t","protected":false},"excerpt":{"rendered":"<p>SUR NOUS \u00ab VOUS POUVEZ FAIRE DU SPORT, VOUS POUVEZ \u00caTRE JEUNE, MAIS SI VOUS NE MANGEZ PAS CORRECTEMENT, VOTRE [&hellip;]<\/p>\n","protected":false},"author":2,"featured_media":0,"parent":0,"menu_order":0,"comment_status":"closed","ping_status":"closed","template":"","meta":{"site-sidebar-layout":"default","site-content-layout":"","ast-site-content-layout":"","site-content-style":"default","site-sidebar-style":"default","ast-global-header-display":"","ast-banner-title-visibility":"","ast-main-header-display":"","ast-hfb-above-header-display":"","ast-hfb-below-header-display":"","ast-hfb-mobile-header-display":"","site-post-title":"","ast-breadcrumbs-content":"","ast-featured-img":"","footer-sml-layout":"","theme-transparent-header-meta":"","adv-header-id-meta":"","stick-header-meta":"","header-above-stick-meta":"","header-main-stick-meta":"","header-below-stick-meta":"","astra-migrate-meta-layouts":"default","ast-page-background-enabled":"default","ast-page-background-meta":{"desktop":{"background-color":"var(--ast-global-color-4)","background-image":"","background-repeat":"repeat","background-position":"center center","background-size":"auto","background-attachment":"scroll","background-type":"","background-media":"","overlay-type":"","overlay-color":"","overlay-gradient":""},"tablet":{"background-color":"","background-image":"","background-repeat":"repeat","background-position":"center center","background-size":"auto","background-attachment":"scroll","background-type":"","background-media":"","overlay-type":"","overlay-color":"","overlay-gradient":""},"mobile":{"background-color":"","background-image":"","background-repeat":"repeat","background-position":"center center","background-size":"auto","background-attachment":"scroll","background-type":"","background-media":"","overlay-type":"","overlay-color":"","overlay-gradient":""}},"ast-content-background-meta":{"desktop":{"background-color":"var(--ast-global-color-5)","background-image":"","background-repeat":"repeat","background-position":"center center","background-size":"auto","background-attachment":"scroll","background-type":"","background-media":"","overlay-type":"","overlay-color":"","overlay-gradient":""},"tablet":{"background-color":"var(--ast-global-color-5)","background-image":"","background-repeat":"repeat","background-position":"center center","background-size":"auto","background-attachment":"scroll","background-type":"","background-media":"","overlay-type":"","overlay-color":"","overlay-gradient":""},"mobile":{"background-color":"var(--ast-global-color-5)","background-image":"","background-repeat":"repeat","background-position":"center center","background-size":"auto","background-attachment":"scroll","background-type":"","background-media":"","overlay-type":"","overlay-color":"","overlay-gradient":""}},"footnotes":""},"_links":{"self":[{"href":"https:\/\/lrc.4vlab.org\/index.php?rest_route=\/wp\/v2\/pages\/231"}],"collection":[{"href":"https:\/\/lrc.4vlab.org\/index.php?rest_route=\/wp\/v2\/pages"}],"about":[{"href":"https:\/\/lrc.4vlab.org\/index.php?rest_route=\/wp\/v2\/types\/page"}],"author":[{"embeddable":true,"href":"https:\/\/lrc.4vlab.org\/index.php?rest_route=\/wp\/v2\/users\/2"}],"replies":[{"embeddable":true,"href":"https:\/\/lrc.4vlab.org\/index.php?rest_route=%2Fwp%2Fv2%2Fcomments&post=231"}],"version-history":[{"count":4,"href":"https:\/\/lrc.4vlab.org\/index.php?rest_route=\/wp\/v2\/pages\/231\/revisions"}],"predecessor-version":[{"id":250,"href":"https:\/\/lrc.4vlab.org\/index.php?rest_route=\/wp\/v2\/pages\/231\/revisions\/250"}],"wp:attachment":[{"href":"https:\/\/lrc.4vlab.org\/index.php?rest_route=%2Fwp%2Fv2%2Fmedia&parent=231"}],"curies":[{"name":"wp","href":"https:\/\/api.w.org\/{rel}","templated":true}]}}